{"id":530,"date":"2021-11-03T18:01:22","date_gmt":"2021-11-03T18:01:22","guid":{"rendered":"https:\/\/lhsearch.com.mx\/?page_id=530"},"modified":"2022-01-03T18:38:26","modified_gmt":"2022-01-03T18:38:26","slug":"que-hacemos","status":"publish","type":"page","link":"https:\/\/lhsearch.com.mx\/en\/que-hacemos\/","title":{"rendered":"What we do"},"content":{"rendered":"<div data-elementor-type=\"wp-page\" data-elementor-id=\"530\" class=\"elementor elementor-530\">\n\t\t\t\t\t\t<section class=\"elementor-section elementor-top-section elementor-element elementor-element-4b05a09 elementor-section-height-min-height elementor-section-boxed elementor-section-height-default elementor-section-items-middle\" data-id=\"4b05a09\" data-element_type=\"section\" data-settings=\"{&quot;background_background&quot;:&quot;classic&quot;}\">\n\t\t\t\t\t\t\t<div class=\"elementor-background-overlay\"><\/div>\n\t\t\t\t\t\t\t<div class=\"elementor-container elementor-column-gap-default\">\n\t\t\t\t\t<div class=\"elementor-column elementor-col-100 elementor-top-column elementor-element elementor-element-b0fe8a3\" data-id=\"b0fe8a3\" data-element_type=\"column\">\n\t\t\t<div class=\"elementor-widget-wrap elementor-element-populated\">\n\t\t\t\t\t\t<div class=\"elementor-element elementor-element-cf42e9d elementor-widget elementor-widget-heading\" data-id=\"cf42e9d\" data-element_type=\"widget\" data-widget_type=\"heading.default\">\n\t\t\t\t<div class=\"elementor-widget-container\">\n\t\t\t\t\t<h2 class=\"elementor-heading-title elementor-size-default\">Solutions<\/h2>\t\t\t\t<\/div>\n\t\t\t\t<\/div>\n\t\t\t\t\t<\/div>\n\t\t<\/div>\n\t\t\t\t\t<\/div>\n\t\t<\/section>\n\t\t\t\t<section class=\"elementor-section elementor-top-section elementor-element elementor-element-22f29d7 elementor-section-boxed elementor-section-height-default elementor-section-height-default\" data-id=\"22f29d7\" data-element_type=\"section\">\n\t\t\t\t\t\t<div class=\"elementor-container elementor-column-gap-default\">\n\t\t\t\t\t<div class=\"elementor-column elementor-col-100 elementor-top-column elementor-element elementor-element-5846055\" data-id=\"5846055\" data-element_type=\"column\">\n\t\t\t<div class=\"elementor-widget-wrap elementor-element-populated\">\n\t\t\t\t\t\t<div class=\"elementor-element elementor-element-f4cbe46 elementor-widget elementor-widget-spacer\" data-id=\"f4cbe46\" data-element_type=\"widget\" data-widget_type=\"spacer.default\">\n\t\t\t\t<div class=\"elementor-widget-container\">\n\t\t\t\t\t\t\t<div class=\"elementor-spacer\">\n\t\t\t<div class=\"elementor-spacer-inner\"><\/div>\n\t\t<\/div>\n\t\t\t\t\t\t<\/div>\n\t\t\t\t<\/div>\n\t\t\t\t<div class=\"elementor-element elementor-element-3674d6e elementor-widget elementor-widget-heading\" data-id=\"3674d6e\" data-element_type=\"widget\" data-widget_type=\"heading.default\">\n\t\t\t\t<div class=\"elementor-widget-container\">\n\t\t\t\t\t<h6 class=\"elementor-heading-title elementor-size-default\">We customize our services to the needs and objectives of our clients. <br>\nWe use technology but we rely on expert\u00b4s criteria. <br>\nWe work for multinational and national companies, from large to PYMES.\n<\/h6>\t\t\t\t<\/div>\n\t\t\t\t<\/div>\n\t\t\t\t<div class=\"elementor-element elementor-element-1d03124 elementor-widget elementor-widget-spacer\" data-id=\"1d03124\" data-element_type=\"widget\" data-widget_type=\"spacer.default\">\n\t\t\t\t<div class=\"elementor-widget-container\">\n\t\t\t\t\t\t\t<div class=\"elementor-spacer\">\n\t\t\t<div class=\"elementor-spacer-inner\"><\/div>\n\t\t<\/div>\n\t\t\t\t\t\t<\/div>\n\t\t\t\t<\/div>\n\t\t\t\t\t<\/div>\n\t\t<\/div>\n\t\t\t\t\t<\/div>\n\t\t<\/section>\n\t\t\t\t<section class=\"elementor-section elementor-top-section elementor-element elementor-element-980cb01 elementor-section-boxed elementor-section-height-default elementor-section-height-default\" data-id=\"980cb01\" data-element_type=\"section\">\n\t\t\t\t\t\t<div class=\"elementor-container elementor-column-gap-default\">\n\t\t\t\t\t<div class=\"elementor-column elementor-col-100 elementor-top-column elementor-element elementor-element-beb196a\" data-id=\"beb196a\" data-element_type=\"column\">\n\t\t\t<div class=\"elementor-widget-wrap elementor-element-populated\">\n\t\t\t\t\t\t<div class=\"elementor-element elementor-element-c636454 elementor-widget elementor-widget-eael-adv-tabs\" data-id=\"c636454\" data-element_type=\"widget\" data-widget_type=\"eael-adv-tabs.default\">\n\t\t\t\t<div class=\"elementor-widget-container\">\n\t\t\t\t\t        <div data-scroll-on-click=\"no\" data-scroll-speed=\"300\" id=\"eael-advance-tabs-c636454\" class=\"eael-advance-tabs eael-tabs-vertical eael-tab-auto-active\" data-tabid=\"c636454\">\n            <div class=\"eael-tabs-nav\">\n                <ul class=\"\" role=\"tablist\">\n                                            <li id=\"bsqueda-de-talento\" class=\"eael-tab-item-trigger eael-tab-nav-item\" aria-selected=\"true\" data-tab=\"1\" role=\"tab\" tabindex=\"0\" aria-controls=\"bsqueda-de-talento-tab\" aria-expanded=\"false\">\n                            \n                            \n                            \n                                                            <span class=\"eael-tab-title title-after-icon\" >Executive search<\/span>                                                    <\/li>\n                                            <li id=\"transicin-de-carrera\" class=\"inactive eael-tab-item-trigger eael-tab-nav-item\" aria-selected=\"false\" data-tab=\"2\" role=\"tab\" tabindex=\"-1\" aria-controls=\"transicin-de-carrera-tab\" aria-expanded=\"false\">\n                            \n                            \n                            \n                                                            <span class=\"eael-tab-title title-after-icon\" >Career Transition<\/span>                                                    <\/li>\n                                            <li id=\"evaluacin-de-ejecutivos\" class=\"inactive eael-tab-item-trigger eael-tab-nav-item\" aria-selected=\"false\" data-tab=\"3\" role=\"tab\" tabindex=\"-1\" aria-controls=\"evaluacin-de-ejecutivos-tab\" aria-expanded=\"false\">\n                            \n                            \n                            \n                                                            <span class=\"eael-tab-title title-after-icon\" >Executive Assessment<\/span>                                                    <\/li>\n                                    <\/ul>\n            <\/div>\n            \n            <div class=\"eael-tabs-content\">\n\t\t        \n                    <div id=\"bsqueda-de-talento-tab\" class=\"clearfix eael-tab-content-item\" data-title-link=\"bsqueda-de-talento-tab\">\n\t\t\t\t        <p style=\"text-align: justify;\">With over 10 years of experience, we have served clients searching for Directors, Middle Managers and Specialists. The focus of our work is to provide candidates with the competences, personality and experience that best match the position and culture of the client\u00b4s company as we recognize that top performers are the foundation of a successful organization.<\/p><p style=\"text-align: justify;\">LH Search consultants have an extensive knowledge of the Mexican market, in-depth interviews, and assessment tools.<\/p><h6 style=\"text-align: left;\">Industries we serve<\/h6><p style=\"text-align: left;\">Health, Dermo-cosmetics, Consumer, Industrial, Services, Financial, Infrastructure Operations, Information Technology<\/p><h6 style=\"text-align: left;\">Functional roles<\/h6><p style=\"text-align: left;\">Sales, Marketing, Supply Chain, Finance, General Managing, Regulatory Affairs, Human Resources, Corporate Security, Legal, Operations.<\/p><h6>Talent mapping<\/h6><p style=\"text-align: justify;\">It is also known as research and consists of basic information of a specific target of executives. When budgets are reduced, talent mapping can be an option.<\/p>                    <\/div>\n\t\t        \n                    <div id=\"transicin-de-carrera-tab\" class=\"clearfix eael-tab-content-item inactive\" data-title-link=\"transicin-de-carrera-tab\">\n\t\t\t\t        <p style=\"text-align: justify;\">We compiled the experiences of people who were downsized from their jobs and were successful at finding a job opportunity.<\/p><p style=\"text-align: justify;\">We help people to discover strengths they were not aware of, as well as new options of employment.<\/p><p style=\"text-align: justify;\">Group and individual sessions are conducted by professionals knowledgeable in what people are going through when they have been let go from their company.<\/p><p style=\"text-align: justify;\">Individual advice is offered to help the participants in every step of the program so that difficulties do not become an obstacle to move forward.<\/p><p style=\"text-align: justify;\">Our programs are customized to the client\u00b4s needs.<\/p>                    <\/div>\n\t\t        \n                    <div id=\"evaluacin-de-ejecutivos-tab\" class=\"clearfix eael-tab-content-item inactive\" data-title-link=\"evaluacin-de-ejecutivos-tab\">\n\t\t\t\t        <p style=\"text-align: justify;\">We use online assessment tools to obtain in-depth information about the candidates\u2019 qualifications, derailers and possible risks to help the client make more confident decisions when:<\/p>\n<p style=\"text-align: justify;\">Selecting candidates because insight of less evident differences among them is provided as well as the best fit for your organization.<\/p>\n<p style=\"text-align: justify;\">Creating development plans as more precise needs will be determined to improve performance.<\/p>\n<p style=\"text-align: justify;\">Promotion and succession planning since potential to assume higher level of responsibility is identified.<\/p>                    <\/div>\n\t\t                    <\/div>\n        <\/div>\n\t\t\t\t<\/div>\n\t\t\t\t<\/div>\n\t\t\t\t<div class=\"elementor-element elementor-element-cf51628 elementor-widget elementor-widget-spacer\" data-id=\"cf51628\" data-element_type=\"widget\" data-widget_type=\"spacer.default\">\n\t\t\t\t<div class=\"elementor-widget-container\">\n\t\t\t\t\t\t\t<div class=\"elementor-spacer\">\n\t\t\t<div class=\"elementor-spacer-inner\"><\/div>\n\t\t<\/div>\n\t\t\t\t\t\t<\/div>\n\t\t\t\t<\/div>\n\t\t\t\t\t<\/div>\n\t\t<\/div>\n\t\t\t\t\t<\/div>\n\t\t<\/section>\n\t\t\t\t<\/div>","protected":false},"excerpt":{"rendered":"<p>NUESTRAS SOLUCIONES Personalizamos nuestros servicios para adaptarnos a las necesidades y objetivos de nuestros clientes. Hacemos uso de la tecnolog\u00eda pero confiamos en el criterio de los expertos. Trabajamos para empresas nacionales y multinacionales, desde grandes hasta PYMES. B\u00fasqueda de talento Transici\u00f3n de carrera Evaluaci\u00f3n de ejecutivos Contamos con m\u00e1s de 10 a\u00f1os de experiencia realizando b\u00fasquedas de posiciones de&#8230;<\/p>","protected":false},"author":1,"featured_media":0,"parent":0,"menu_order":0,"comment_status":"closed","ping_status":"closed","template":"elementor_header_footer","meta":{"footnotes":""},"class_list":["post-530","page","type-page","status-publish","hentry"],"yoast_head":"<!-- This site is optimized with the Yoast SEO plugin v24.1 - https:\/\/yoast.com\/wordpress\/plugins\/seo\/ -->\n<title>Qu\u00e9 hacemos - LH Search<\/title>\n<meta name=\"description\" content=\"Personalizamos nuestros servicios a las necesidades de nuestros clientes. Hacemos uso de la tecnolog\u00eda y confiamos en el criterio de expertos.\" \/>\n<meta name=\"robots\" content=\"index, follow, max-snippet:-1, max-image-preview:large, max-video-preview:-1\" \/>\n<link rel=\"canonical\" href=\"https:\/\/lhsearch.com.mx\/en\/que-hacemos\/\" \/>\n<meta property=\"og:locale\" content=\"en_US\" \/>\n<meta property=\"og:type\" content=\"article\" \/>\n<meta property=\"og:title\" content=\"Qu\u00e9 hacemos - LH Search\" \/>\n<meta property=\"og:description\" content=\"Personalizamos nuestros servicios a las necesidades de nuestros clientes. Hacemos uso de la tecnolog\u00eda y confiamos en el criterio de expertos.\" \/>\n<meta property=\"og:url\" content=\"https:\/\/lhsearch.com.mx\/en\/que-hacemos\/\" \/>\n<meta property=\"og:site_name\" content=\"LH Search\" \/>\n<meta property=\"article:modified_time\" content=\"2022-01-03T18:38:26+00:00\" \/>\n<meta name=\"twitter:card\" content=\"summary_large_image\" \/>\n<meta name=\"twitter:label1\" content=\"Est. reading time\" \/>\n\t<meta name=\"twitter:data1\" content=\"2 minutes\" \/>\n<script type=\"application\/ld+json\" class=\"yoast-schema-graph\">{\"@context\":\"https:\/\/schema.org\",\"@graph\":[{\"@type\":[\"WebPage\",\"AboutPage\"],\"@id\":\"https:\/\/lhsearch.com.mx\/que-hacemos\/\",\"url\":\"https:\/\/lhsearch.com.mx\/que-hacemos\/\",\"name\":\"Qu\u00e9 hacemos - LH Search\",\"isPartOf\":{\"@id\":\"https:\/\/lhsearch.com.mx\/#website\"},\"datePublished\":\"2021-11-03T18:01:22+00:00\",\"dateModified\":\"2022-01-03T18:38:26+00:00\",\"description\":\"Personalizamos nuestros servicios a las necesidades de nuestros clientes. Hacemos uso de la tecnolog\u00eda y confiamos en el criterio de expertos.\",\"breadcrumb\":{\"@id\":\"https:\/\/lhsearch.com.mx\/que-hacemos\/#breadcrumb\"},\"inLanguage\":\"en-US\",\"potentialAction\":[{\"@type\":\"ReadAction\",\"target\":[\"https:\/\/lhsearch.com.mx\/que-hacemos\/\"]}]},{\"@type\":\"BreadcrumbList\",\"@id\":\"https:\/\/lhsearch.com.mx\/que-hacemos\/#breadcrumb\",\"itemListElement\":[{\"@type\":\"ListItem\",\"position\":1,\"name\":\"Inicio\",\"item\":\"https:\/\/lhsearch.com.mx\/\"},{\"@type\":\"ListItem\",\"position\":2,\"name\":\"Qu\u00e9 hacemos\"}]},{\"@type\":\"WebSite\",\"@id\":\"https:\/\/lhsearch.com.mx\/#website\",\"url\":\"https:\/\/lhsearch.com.mx\/\",\"name\":\"LH Search\",\"description\":\"Soluciones en Recursos Humanos desde el 2008.\",\"publisher\":{\"@id\":\"https:\/\/lhsearch.com.mx\/#organization\"},\"potentialAction\":[{\"@type\":\"SearchAction\",\"target\":{\"@type\":\"EntryPoint\",\"urlTemplate\":\"https:\/\/lhsearch.com.mx\/?s={search_term_string}\"},\"query-input\":{\"@type\":\"PropertyValueSpecification\",\"valueRequired\":true,\"valueName\":\"search_term_string\"}}],\"inLanguage\":\"en-US\"},{\"@type\":\"Organization\",\"@id\":\"https:\/\/lhsearch.com.mx\/#organization\",\"name\":\"LH Search\",\"url\":\"https:\/\/lhsearch.com.mx\/\",\"logo\":{\"@type\":\"ImageObject\",\"inLanguage\":\"en-US\",\"@id\":\"https:\/\/lhsearch.com.mx\/#\/schema\/logo\/image\/\",\"url\":\"https:\/\/lhsearch.com.mx\/wp-content\/uploads\/2021\/11\/cropped-LH-search-recruiters-01.png\",\"contentUrl\":\"https:\/\/lhsearch.com.mx\/wp-content\/uploads\/2021\/11\/cropped-LH-search-recruiters-01.png\",\"width\":1296,\"height\":440,\"caption\":\"LH Search\"},\"image\":{\"@id\":\"https:\/\/lhsearch.com.mx\/#\/schema\/logo\/image\/\"}}]}<\/script>\n<!-- \/ Yoast SEO plugin. -->","yoast_head_json":{"title":"Qu\u00e9 hacemos - LH Search","description":"Personalizamos nuestros servicios a las necesidades de nuestros clientes. Hacemos uso de la tecnolog\u00eda y confiamos en el criterio de expertos.","robots":{"index":"index","follow":"follow","max-snippet":"max-snippet:-1","max-image-preview":"max-image-preview:large","max-video-preview":"max-video-preview:-1"},"canonical":"https:\/\/lhsearch.com.mx\/en\/que-hacemos\/","og_locale":"en_US","og_type":"article","og_title":"Qu\u00e9 hacemos - LH Search","og_description":"Personalizamos nuestros servicios a las necesidades de nuestros clientes. Hacemos uso de la tecnolog\u00eda y confiamos en el criterio de expertos.","og_url":"https:\/\/lhsearch.com.mx\/en\/que-hacemos\/","og_site_name":"LH Search","article_modified_time":"2022-01-03T18:38:26+00:00","twitter_card":"summary_large_image","twitter_misc":{"Est. reading time":"2 minutes"},"schema":{"@context":"https:\/\/schema.org","@graph":[{"@type":["WebPage","AboutPage"],"@id":"https:\/\/lhsearch.com.mx\/que-hacemos\/","url":"https:\/\/lhsearch.com.mx\/que-hacemos\/","name":"Qu\u00e9 hacemos - LH Search","isPartOf":{"@id":"https:\/\/lhsearch.com.mx\/#website"},"datePublished":"2021-11-03T18:01:22+00:00","dateModified":"2022-01-03T18:38:26+00:00","description":"Personalizamos nuestros servicios a las necesidades de nuestros clientes. Hacemos uso de la tecnolog\u00eda y confiamos en el criterio de expertos.","breadcrumb":{"@id":"https:\/\/lhsearch.com.mx\/que-hacemos\/#breadcrumb"},"inLanguage":"en-US","potentialAction":[{"@type":"ReadAction","target":["https:\/\/lhsearch.com.mx\/que-hacemos\/"]}]},{"@type":"BreadcrumbList","@id":"https:\/\/lhsearch.com.mx\/que-hacemos\/#breadcrumb","itemListElement":[{"@type":"ListItem","position":1,"name":"Inicio","item":"https:\/\/lhsearch.com.mx\/"},{"@type":"ListItem","position":2,"name":"Qu\u00e9 hacemos"}]},{"@type":"WebSite","@id":"https:\/\/lhsearch.com.mx\/#website","url":"https:\/\/lhsearch.com.mx\/","name":"LH Search","description":"Soluciones en Recursos Humanos desde el 2008.","publisher":{"@id":"https:\/\/lhsearch.com.mx\/#organization"},"potentialAction":[{"@type":"SearchAction","target":{"@type":"EntryPoint","urlTemplate":"https:\/\/lhsearch.com.mx\/?s={search_term_string}"},"query-input":{"@type":"PropertyValueSpecification","valueRequired":true,"valueName":"search_term_string"}}],"inLanguage":"en-US"},{"@type":"Organization","@id":"https:\/\/lhsearch.com.mx\/#organization","name":"LH Search","url":"https:\/\/lhsearch.com.mx\/","logo":{"@type":"ImageObject","inLanguage":"en-US","@id":"https:\/\/lhsearch.com.mx\/#\/schema\/logo\/image\/","url":"https:\/\/lhsearch.com.mx\/wp-content\/uploads\/2021\/11\/cropped-LH-search-recruiters-01.png","contentUrl":"https:\/\/lhsearch.com.mx\/wp-content\/uploads\/2021\/11\/cropped-LH-search-recruiters-01.png","width":1296,"height":440,"caption":"LH Search"},"image":{"@id":"https:\/\/lhsearch.com.mx\/#\/schema\/logo\/image\/"}}]}},"_links":{"self":[{"href":"https:\/\/lhsearch.com.mx\/en\/wp-json\/wp\/v2\/pages\/530","targetHints":{"allow":["GET"]}}],"collection":[{"href":"https:\/\/lhsearch.com.mx\/en\/wp-json\/wp\/v2\/pages"}],"about":[{"href":"https:\/\/lhsearch.com.mx\/en\/wp-json\/wp\/v2\/types\/page"}],"author":[{"embeddable":true,"href":"https:\/\/lhsearch.com.mx\/en\/wp-json\/wp\/v2\/users\/1"}],"replies":[{"embeddable":true,"href":"https:\/\/lhsearch.com.mx\/en\/wp-json\/wp\/v2\/comments?post=530"}],"version-history":[{"count":136,"href":"https:\/\/lhsearch.com.mx\/en\/wp-json\/wp\/v2\/pages\/530\/revisions"}],"predecessor-version":[{"id":3220,"href":"https:\/\/lhsearch.com.mx\/en\/wp-json\/wp\/v2\/pages\/530\/revisions\/3220"}],"wp:attachment":[{"href":"https:\/\/lhsearch.com.mx\/en\/wp-json\/wp\/v2\/media?parent=530"}],"curies":[{"name":"wp","href":"https:\/\/api.w.org\/{rel}","templated":true}]}}