{"id":3117,"date":"2021-11-26T16:54:28","date_gmt":"2021-11-26T16:54:28","guid":{"rendered":"https:\/\/lhsearch.com.mx\/?page_id=3117"},"modified":"2022-01-03T18:34:21","modified_gmt":"2022-01-03T18:34:21","slug":"aviso-de-privacidad","status":"publish","type":"page","link":"https:\/\/lhsearch.com.mx\/en\/aviso-de-privacidad\/","title":{"rendered":"Notice of Privacy"},"content":{"rendered":"<div data-elementor-type=\"wp-page\" data-elementor-id=\"3117\" class=\"elementor elementor-3117\">\n\t\t\t\t\t\t<section class=\"elementor-section elementor-top-section elementor-element elementor-element-4b05a09 elementor-section-height-min-height elementor-section-boxed elementor-section-height-default elementor-section-items-middle\" data-id=\"4b05a09\" data-element_type=\"section\" data-settings=\"{&quot;background_background&quot;:&quot;classic&quot;}\">\n\t\t\t\t\t\t\t<div class=\"elementor-background-overlay\"><\/div>\n\t\t\t\t\t\t\t<div class=\"elementor-container elementor-column-gap-default\">\n\t\t\t\t\t<div class=\"elementor-column elementor-col-100 elementor-top-column elementor-element elementor-element-b0fe8a3\" data-id=\"b0fe8a3\" data-element_type=\"column\">\n\t\t\t<div class=\"elementor-widget-wrap elementor-element-populated\">\n\t\t\t\t\t\t<div class=\"elementor-element elementor-element-cf42e9d elementor-widget elementor-widget-heading\" data-id=\"cf42e9d\" data-element_type=\"widget\" data-widget_type=\"heading.default\">\n\t\t\t\t<div class=\"elementor-widget-container\">\n\t\t\t\t\t<h2 class=\"elementor-heading-title elementor-size-default\">AVISO DE PRIVACIDAD<\/h2>\t\t\t\t<\/div>\n\t\t\t\t<\/div>\n\t\t\t\t\t<\/div>\n\t\t<\/div>\n\t\t\t\t\t<\/div>\n\t\t<\/section>\n\t\t\t\t<section class=\"elementor-section elementor-top-section elementor-element elementor-element-22f29d7 elementor-section-boxed elementor-section-height-default elementor-section-height-default\" data-id=\"22f29d7\" data-element_type=\"section\">\n\t\t\t\t\t\t<div class=\"elementor-container elementor-column-gap-default\">\n\t\t\t\t\t<div class=\"elementor-column elementor-col-100 elementor-top-column elementor-element elementor-element-5846055\" data-id=\"5846055\" data-element_type=\"column\">\n\t\t\t<div class=\"elementor-widget-wrap elementor-element-populated\">\n\t\t\t\t\t\t<div class=\"elementor-element elementor-element-f4cbe46 elementor-widget elementor-widget-spacer\" data-id=\"f4cbe46\" data-element_type=\"widget\" data-widget_type=\"spacer.default\">\n\t\t\t\t<div class=\"elementor-widget-container\">\n\t\t\t\t\t\t\t<div class=\"elementor-spacer\">\n\t\t\t<div class=\"elementor-spacer-inner\"><\/div>\n\t\t<\/div>\n\t\t\t\t\t\t<\/div>\n\t\t\t\t<\/div>\n\t\t\t\t<div class=\"elementor-element elementor-element-821f502 elementor-widget elementor-widget-text-editor\" data-id=\"821f502\" data-element_type=\"widget\" data-widget_type=\"text-editor.default\">\n\t\t\t\t<div class=\"elementor-widget-container\">\n\t\t\t\t\t\t\t\t\t<p style=\"text-align: justify;\">Mar\u00eda de Lourdes Hauss Vilchis, en adelante LH SEARCH, preocupada por el bienestar y salvaguarda de la informaci\u00f3n proporcionada por los titulares de los datos que recabamos para efectos de nuestra actividad profesional y de acuerdo con la ley de Protecci\u00f3n de Datos Personales en Posesi\u00f3n de los Particulares, hace de su conocimiento el siguiente aviso de privacidad:<\/p><p style=\"text-align: justify;\">LH SEARCH es una firma de b\u00fasqueda de ejecutivos, evaluaci\u00f3n psicom\u00e9trica y programas de transici\u00f3n de carrera que recopila datos personales para proveer los servicios mencionados.<\/p><p style=\"text-align: justify;\">Mediante el aviso de privacidad solicitamos su consentimiento para el uso de sus datos personales, mismos que ser\u00e1n recabados de manera presencial, escrita, v\u00eda telef\u00f3nica y a trav\u00e9s de medios electr\u00f3nicos, con las finalidades que a continuaci\u00f3n mencionamos:<\/p><p>Si es <strong>candidato<\/strong> a una posici\u00f3n de alguno de nuestros clientes<\/p><ul><li style=\"text-align: justify;\">B\u00fasqueda de ejecutivos (identificaci\u00f3n y selecci\u00f3n)<\/li><li style=\"text-align: justify;\">Referencias laborales<\/li><li style=\"text-align: justify;\">Verificaci\u00f3n acad\u00e9mica<\/li><li style=\"text-align: justify;\">Evaluaci\u00f3n psicom\u00e9trica<\/li><li style=\"text-align: justify;\">Transferencia de los datos personales por el proceso de selecci\u00f3n, mismos que podr\u00e1n ser tratados dentro y fuera del pa\u00eds, compartidos con nuestros clientes, con previa autorizaci\u00f3n del candidato en proceso. La informaci\u00f3n ser\u00e1 tratada bajo estrictas medidas de seguridad para proteger sus datos personales contra da\u00f1o, p\u00e9rdida, alteraci\u00f3n o tratamiento no autorizado.<\/li><\/ul><p>Si va a recibir <strong>asesor\u00eda<\/strong> individual o grupal en alguno de nuestros talleres<\/p><ul><li style=\"text-align: justify;\">\u00a0Programas de transici\u00f3n de carrera<\/li><\/ul><p>Para las finalidades antes mencionadas, requerimos obtener los siguientes datos personales:<\/p><p style=\"text-align: justify;\">Nombre completo, edad, g\u00e9nero, estado civil, nacionalidad, tel\u00e9fono, celular, correo, historia laboral, grados acad\u00e9micos, idiomas, paquete de compensaci\u00f3n, perfil ejecutivo, caracter\u00edsticas de personalidad, competencias.<br \/>Los datos obtenidos pueden provenir de una entrevista con usted, de su curriculum vitae, de su perfil en sitios electr\u00f3nicos o porque ha sido referido a nosotros por alg\u00fan contacto, as\u00ed como de instrumentos de evaluaci\u00f3n de la personalidad.<\/p><p>Si es usted <strong>cliente<\/strong><\/p><ul><li>Promover nuestros servicios<\/li><li>Llevar a cabo los proyectos acordados<\/li><\/ul><p style=\"text-align: justify;\">Para realizar las actividades mencionadas recopilaremos los datos de su empresa y contactos para el proyecto (nombre, puesto, tel\u00e9fono, celular, correo).<\/p><p style=\"text-align: justify;\">Almacenamos su informaci\u00f3n en nuestra base de datos que es propiedad de LH SEARCH a la cu\u00e1l tienen acceso los reclutadores y consultores.<\/p><p style=\"text-align: justify;\">Usted tiene derecho a acceder, rectificar y cancelar sus datos personales, para lo cual deber\u00e1 ponerse en contacto en el correo <a href=\"mailto:lhauss@lhsearch.com.mx\">lhauss@lhsearch.com.mx<\/a>.<\/p><p style=\"text-align: justify;\">El presente aviso de privacidad podr\u00e1 ser modificado en cualquier momento, dicha modificaci\u00f3n se notificar\u00e1 mediante la p\u00e1gina web <a href=\"http:\/\/lhsearch.com.mx\/en\/\">www.lhsearch.com.mx<\/a>.<\/p><p style=\"text-align: justify;\">De no recibir oposici\u00f3n al presente aviso de privacidad, el titular otorga su consentimiento para que sus datos personales sean utilizados y salvaguardados por LH SEARCH.<\/p>\t\t\t\t\t\t\t\t<\/div>\n\t\t\t\t<\/div>\n\t\t\t\t<div class=\"elementor-element elementor-element-1d03124 elementor-widget elementor-widget-spacer\" data-id=\"1d03124\" data-element_type=\"widget\" data-widget_type=\"spacer.default\">\n\t\t\t\t<div class=\"elementor-widget-container\">\n\t\t\t\t\t\t\t<div class=\"elementor-spacer\">\n\t\t\t<div class=\"elementor-spacer-inner\"><\/div>\n\t\t<\/div>\n\t\t\t\t\t\t<\/div>\n\t\t\t\t<\/div>\n\t\t\t\t\t<\/div>\n\t\t<\/div>\n\t\t\t\t\t<\/div>\n\t\t<\/section>\n\t\t\t\t<\/div>","protected":false},"excerpt":{"rendered":"<p>AVISO DE PRIVACIDAD Mar\u00eda de Lourdes Hauss Vilchis, en adelante LH SEARCH, preocupada por el bienestar y salvaguarda de la informaci\u00f3n proporcionada por los titulares de los datos que recabamos para efectos de nuestra actividad profesional y de acuerdo con la ley de Protecci\u00f3n de Datos Personales en Posesi\u00f3n de los Particulares, hace de su conocimiento el siguiente aviso de&#8230;<\/p>","protected":false},"author":1,"featured_media":0,"parent":0,"menu_order":0,"comment_status":"closed","ping_status":"closed","template":"elementor_header_footer","meta":{"footnotes":""},"class_list":["post-3117","page","type-page","status-publish","hentry"],"yoast_head":"<!-- This site is optimized with the Yoast SEO plugin v24.1 - https:\/\/yoast.com\/wordpress\/plugins\/seo\/ -->\n<title>Aviso de privacidad - LH Search<\/title>\n<meta name=\"description\" content=\"LH SEARCH, preocupados por el bienestar y salvaguarda de la informaci\u00f3n proporcionada por los titulares de los datos que recabamos.\" \/>\n<meta name=\"robots\" content=\"index, follow, max-snippet:-1, max-image-preview:large, max-video-preview:-1\" \/>\n<link rel=\"canonical\" href=\"https:\/\/lhsearch.com.mx\/en\/aviso-de-privacidad\/\" \/>\n<meta property=\"og:locale\" content=\"en_US\" \/>\n<meta property=\"og:type\" content=\"article\" \/>\n<meta property=\"og:title\" content=\"Aviso de privacidad - LH Search\" \/>\n<meta property=\"og:description\" content=\"LH SEARCH, preocupados por el bienestar y salvaguarda de la informaci\u00f3n proporcionada por los titulares de los datos que recabamos.\" \/>\n<meta property=\"og:url\" content=\"https:\/\/lhsearch.com.mx\/en\/aviso-de-privacidad\/\" \/>\n<meta property=\"og:site_name\" content=\"LH Search\" \/>\n<meta property=\"article:modified_time\" content=\"2022-01-03T18:34:21+00:00\" \/>\n<meta name=\"twitter:card\" content=\"summary_large_image\" \/>\n<meta name=\"twitter:label1\" content=\"Est. reading time\" \/>\n\t<meta name=\"twitter:data1\" content=\"2 minutes\" \/>\n<script type=\"application\/ld+json\" class=\"yoast-schema-graph\">{\"@context\":\"https:\/\/schema.org\",\"@graph\":[{\"@type\":[\"WebPage\",\"AboutPage\"],\"@id\":\"https:\/\/lhsearch.com.mx\/aviso-de-privacidad\/\",\"url\":\"https:\/\/lhsearch.com.mx\/aviso-de-privacidad\/\",\"name\":\"Aviso de privacidad - LH Search\",\"isPartOf\":{\"@id\":\"https:\/\/lhsearch.com.mx\/#website\"},\"datePublished\":\"2021-11-26T16:54:28+00:00\",\"dateModified\":\"2022-01-03T18:34:21+00:00\",\"description\":\"LH SEARCH, preocupados por el bienestar y salvaguarda de la informaci\u00f3n proporcionada por los titulares de los datos que recabamos.\",\"breadcrumb\":{\"@id\":\"https:\/\/lhsearch.com.mx\/aviso-de-privacidad\/#breadcrumb\"},\"inLanguage\":\"en-US\",\"potentialAction\":[{\"@type\":\"ReadAction\",\"target\":[\"https:\/\/lhsearch.com.mx\/aviso-de-privacidad\/\"]}]},{\"@type\":\"BreadcrumbList\",\"@id\":\"https:\/\/lhsearch.com.mx\/aviso-de-privacidad\/#breadcrumb\",\"itemListElement\":[{\"@type\":\"ListItem\",\"position\":1,\"name\":\"Inicio\",\"item\":\"https:\/\/lhsearch.com.mx\/\"},{\"@type\":\"ListItem\",\"position\":2,\"name\":\"Aviso de privacidad\"}]},{\"@type\":\"WebSite\",\"@id\":\"https:\/\/lhsearch.com.mx\/#website\",\"url\":\"https:\/\/lhsearch.com.mx\/\",\"name\":\"LH Search\",\"description\":\"Soluciones en Recursos Humanos desde el 2008.\",\"publisher\":{\"@id\":\"https:\/\/lhsearch.com.mx\/#organization\"},\"potentialAction\":[{\"@type\":\"SearchAction\",\"target\":{\"@type\":\"EntryPoint\",\"urlTemplate\":\"https:\/\/lhsearch.com.mx\/?s={search_term_string}\"},\"query-input\":{\"@type\":\"PropertyValueSpecification\",\"valueRequired\":true,\"valueName\":\"search_term_string\"}}],\"inLanguage\":\"en-US\"},{\"@type\":\"Organization\",\"@id\":\"https:\/\/lhsearch.com.mx\/#organization\",\"name\":\"LH Search\",\"url\":\"https:\/\/lhsearch.com.mx\/\",\"logo\":{\"@type\":\"ImageObject\",\"inLanguage\":\"en-US\",\"@id\":\"https:\/\/lhsearch.com.mx\/#\/schema\/logo\/image\/\",\"url\":\"https:\/\/lhsearch.com.mx\/wp-content\/uploads\/2021\/11\/cropped-LH-search-recruiters-01.png\",\"contentUrl\":\"https:\/\/lhsearch.com.mx\/wp-content\/uploads\/2021\/11\/cropped-LH-search-recruiters-01.png\",\"width\":1296,\"height\":440,\"caption\":\"LH Search\"},\"image\":{\"@id\":\"https:\/\/lhsearch.com.mx\/#\/schema\/logo\/image\/\"}}]}<\/script>\n<!-- \/ Yoast SEO plugin. -->","yoast_head_json":{"title":"Aviso de privacidad - LH Search","description":"LH SEARCH, preocupados por el bienestar y salvaguarda de la informaci\u00f3n proporcionada por los titulares de los datos que recabamos.","robots":{"index":"index","follow":"follow","max-snippet":"max-snippet:-1","max-image-preview":"max-image-preview:large","max-video-preview":"max-video-preview:-1"},"canonical":"https:\/\/lhsearch.com.mx\/en\/aviso-de-privacidad\/","og_locale":"en_US","og_type":"article","og_title":"Aviso de privacidad - LH Search","og_description":"LH SEARCH, preocupados por el bienestar y salvaguarda de la informaci\u00f3n proporcionada por los titulares de los datos que recabamos.","og_url":"https:\/\/lhsearch.com.mx\/en\/aviso-de-privacidad\/","og_site_name":"LH Search","article_modified_time":"2022-01-03T18:34:21+00:00","twitter_card":"summary_large_image","twitter_misc":{"Est. reading time":"2 minutes"},"schema":{"@context":"https:\/\/schema.org","@graph":[{"@type":["WebPage","AboutPage"],"@id":"https:\/\/lhsearch.com.mx\/aviso-de-privacidad\/","url":"https:\/\/lhsearch.com.mx\/aviso-de-privacidad\/","name":"Aviso de privacidad - LH Search","isPartOf":{"@id":"https:\/\/lhsearch.com.mx\/#website"},"datePublished":"2021-11-26T16:54:28+00:00","dateModified":"2022-01-03T18:34:21+00:00","description":"LH SEARCH, preocupados por el bienestar y salvaguarda de la informaci\u00f3n proporcionada por los titulares de los datos que recabamos.","breadcrumb":{"@id":"https:\/\/lhsearch.com.mx\/aviso-de-privacidad\/#breadcrumb"},"inLanguage":"en-US","potentialAction":[{"@type":"ReadAction","target":["https:\/\/lhsearch.com.mx\/aviso-de-privacidad\/"]}]},{"@type":"BreadcrumbList","@id":"https:\/\/lhsearch.com.mx\/aviso-de-privacidad\/#breadcrumb","itemListElement":[{"@type":"ListItem","position":1,"name":"Inicio","item":"https:\/\/lhsearch.com.mx\/"},{"@type":"ListItem","position":2,"name":"Aviso de privacidad"}]},{"@type":"WebSite","@id":"https:\/\/lhsearch.com.mx\/#website","url":"https:\/\/lhsearch.com.mx\/","name":"LH Search","description":"Soluciones en Recursos Humanos desde el 2008.","publisher":{"@id":"https:\/\/lhsearch.com.mx\/#organization"},"potentialAction":[{"@type":"SearchAction","target":{"@type":"EntryPoint","urlTemplate":"https:\/\/lhsearch.com.mx\/?s={search_term_string}"},"query-input":{"@type":"PropertyValueSpecification","valueRequired":true,"valueName":"search_term_string"}}],"inLanguage":"en-US"},{"@type":"Organization","@id":"https:\/\/lhsearch.com.mx\/#organization","name":"LH Search","url":"https:\/\/lhsearch.com.mx\/","logo":{"@type":"ImageObject","inLanguage":"en-US","@id":"https:\/\/lhsearch.com.mx\/#\/schema\/logo\/image\/","url":"https:\/\/lhsearch.com.mx\/wp-content\/uploads\/2021\/11\/cropped-LH-search-recruiters-01.png","contentUrl":"https:\/\/lhsearch.com.mx\/wp-content\/uploads\/2021\/11\/cropped-LH-search-recruiters-01.png","width":1296,"height":440,"caption":"LH Search"},"image":{"@id":"https:\/\/lhsearch.com.mx\/#\/schema\/logo\/image\/"}}]}},"_links":{"self":[{"href":"https:\/\/lhsearch.com.mx\/en\/wp-json\/wp\/v2\/pages\/3117","targetHints":{"allow":["GET"]}}],"collection":[{"href":"https:\/\/lhsearch.com.mx\/en\/wp-json\/wp\/v2\/pages"}],"about":[{"href":"https:\/\/lhsearch.com.mx\/en\/wp-json\/wp\/v2\/types\/page"}],"author":[{"embeddable":true,"href":"https:\/\/lhsearch.com.mx\/en\/wp-json\/wp\/v2\/users\/1"}],"replies":[{"embeddable":true,"href":"https:\/\/lhsearch.com.mx\/en\/wp-json\/wp\/v2\/comments?post=3117"}],"version-history":[{"count":14,"href":"https:\/\/lhsearch.com.mx\/en\/wp-json\/wp\/v2\/pages\/3117\/revisions"}],"predecessor-version":[{"id":3230,"href":"https:\/\/lhsearch.com.mx\/en\/wp-json\/wp\/v2\/pages\/3117\/revisions\/3230"}],"wp:attachment":[{"href":"https:\/\/lhsearch.com.mx\/en\/wp-json\/wp\/v2\/media?parent=3117"}],"curies":[{"name":"wp","href":"https:\/\/api.w.org\/{rel}","templated":true}]}}