{"id":2,"date":"2016-05-10T03:48:21","date_gmt":"2016-05-10T03:48:21","guid":{"rendered":"https:\/\/lhsearch.com.mx\/?page_id=2"},"modified":"2023-05-10T18:02:40","modified_gmt":"2023-05-10T18:02:40","slug":"inicio","status":"publish","type":"page","link":"https:\/\/lhsearch.com.mx\/en\/","title":{"rendered":"Home"},"content":{"rendered":"<div data-elementor-type=\"wp-page\" data-elementor-id=\"2\" class=\"elementor elementor-2\">\n\t\t\t\t\t\t<section class=\"elementor-section elementor-top-section elementor-element elementor-element-2f64fa9 elementor-section-full_width elementor-section-stretched elementor-section-height-default elementor-section-height-default\" data-id=\"2f64fa9\" data-element_type=\"section\" data-settings=\"{&quot;stretch_section&quot;:&quot;section-stretched&quot;}\">\n\t\t\t\t\t\t<div class=\"elementor-container elementor-column-gap-default\">\n\t\t\t\t\t<div class=\"elementor-column elementor-col-100 elementor-top-column elementor-element elementor-element-2f62a22\" data-id=\"2f62a22\" data-element_type=\"column\">\n\t\t\t<div class=\"elementor-widget-wrap elementor-element-populated\">\n\t\t\t\t\t\t<div class=\"elementor-element elementor-element-5d71beb elementor-widget elementor-widget-clever-slider\" data-id=\"5d71beb\" data-element_type=\"widget\" data-widget_type=\"clever-slider.default\">\n\t\t\t\t<div class=\"elementor-widget-container\">\n\t\t\t\t\t<div class=\"cafe-slider-wrapper elementor-slick-slider\" dir=\"ltr\">\n    <div class=\"cafe-slider-slides slick-dots-inside\" data-slider_options=\"{&quot;slidesToShow&quot;:1,&quot;autoplaySpeed&quot;:4000,&quot;autoplay&quot;:true,&quot;infinite&quot;:true,&quot;pauseOnHover&quot;:false,&quot;speed&quot;:0,&quot;arrows&quot;:false,&quot;dots&quot;:true,&quot;dotsClass&quot;:&quot;slick-dots&quot;,&quot;rtl&quot;:false,&quot;fade&quot;:true}\" data-animation=\"fadeIn\">\n        <div class=\"elementor-repeater-item-c6de0d6 slick-slide\"><div class=\"slick-slide-bg inherit-effect\"  data-animation=\"inherit\"><\/div><div class=\"cafe-slide-bg-overlay\"><\/div><div  class=\"slick-slide-inner\"><div class=\"cafe-slide-content\"  data-animation=\"fadeInLeft\"><div class=\"cafe-slide-heading first-heading\">TALENT IS THE COMPETITVE ADVANTAGE, TECHNOLOGY IS NOT ENOUGH<\/div><\/div><\/div><\/div><div class=\"elementor-repeater-item-51dcf0d slick-slide\"><div class=\"slick-slide-bg inherit-effect\"  data-animation=\"inherit\"><\/div><div class=\"cafe-slide-bg-overlay\"><\/div><div  class=\"slick-slide-inner\"><div class=\"cafe-slide-content\"  data-animation=\"fadeInLeft\"><div class=\"cafe-slide-heading first-heading\">CREATIVITY, EMPATHY, INTUITION, ETHICS, CANNOT BE DIGITALIZED<\/div><\/div><\/div><\/div>    <\/div>\n<\/div>\t\t\t\t<\/div>\n\t\t\t\t<\/div>\n\t\t\t\t\t<\/div>\n\t\t<\/div>\n\t\t\t\t\t<\/div>\n\t\t<\/section>\n\t\t\t\t<\/div>","protected":false},"excerpt":{"rendered":"<p>EL TALENTO ES LA VENTAJA COMPETITIVA, LA TECNOLOG\u00cdA NO ES SUFICIENTELA CREATIVIDAD, EMPAT\u00cdA, INTUICI\u00d3N Y \u00c9TICA, NO SE PUEDEN DIGITALIZAR<\/p>","protected":false},"author":1,"featured_media":0,"parent":0,"menu_order":0,"comment_status":"closed","ping_status":"closed","template":"","meta":{"footnotes":""},"class_list":["post-2","page","type-page","status-publish","hentry"],"yoast_head":"<!-- This site is optimized with the Yoast SEO plugin v24.1 - https:\/\/yoast.com\/wordpress\/plugins\/seo\/ -->\n<title>Inicio - LH Search<\/title>\n<meta name=\"description\" content=\"El talento es la ventaja competitiva, la tecnolog\u00eda no es suficiente.\" \/>\n<meta name=\"robots\" content=\"index, follow, max-snippet:-1, max-image-preview:large, max-video-preview:-1\" \/>\n<link rel=\"canonical\" href=\"https:\/\/lhsearch.com.mx\/en\/\" \/>\n<meta property=\"og:locale\" content=\"en_US\" \/>\n<meta property=\"og:type\" content=\"article\" \/>\n<meta property=\"og:title\" content=\"Inicio - LH Search\" \/>\n<meta property=\"og:description\" content=\"El talento es la ventaja competitiva, la tecnolog\u00eda no es suficiente.\" \/>\n<meta property=\"og:url\" content=\"https:\/\/lhsearch.com.mx\/en\/\" \/>\n<meta property=\"og:site_name\" content=\"LH Search\" \/>\n<meta property=\"article:modified_time\" content=\"2023-05-10T18:02:40+00:00\" \/>\n<meta name=\"twitter:card\" content=\"summary_large_image\" \/>\n<meta name=\"twitter:label1\" content=\"Est. reading time\" \/>\n\t<meta name=\"twitter:data1\" content=\"1 minute\" \/>\n<script type=\"application\/ld+json\" class=\"yoast-schema-graph\">{\"@context\":\"https:\/\/schema.org\",\"@graph\":[{\"@type\":[\"WebPage\",\"AboutPage\"],\"@id\":\"https:\/\/lhsearch.com.mx\/\",\"url\":\"https:\/\/lhsearch.com.mx\/\",\"name\":\"Inicio - LH Search\",\"isPartOf\":{\"@id\":\"https:\/\/lhsearch.com.mx\/#website\"},\"datePublished\":\"2016-05-10T03:48:21+00:00\",\"dateModified\":\"2023-05-10T18:02:40+00:00\",\"description\":\"El talento es la ventaja competitiva, la tecnolog\u00eda no es suficiente.\",\"breadcrumb\":{\"@id\":\"https:\/\/lhsearch.com.mx\/#breadcrumb\"},\"inLanguage\":\"en-US\",\"potentialAction\":[{\"@type\":\"ReadAction\",\"target\":[\"https:\/\/lhsearch.com.mx\/\"]}]},{\"@type\":\"BreadcrumbList\",\"@id\":\"https:\/\/lhsearch.com.mx\/#breadcrumb\",\"itemListElement\":[{\"@type\":\"ListItem\",\"position\":1,\"name\":\"Inicio\",\"item\":\"https:\/\/lhsearch.com.mx\/\"},{\"@type\":\"ListItem\",\"position\":2,\"name\":\"Inicio\"}]},{\"@type\":\"WebSite\",\"@id\":\"https:\/\/lhsearch.com.mx\/#website\",\"url\":\"https:\/\/lhsearch.com.mx\/\",\"name\":\"LH Search\",\"description\":\"Soluciones en Recursos Humanos desde el 2008.\",\"publisher\":{\"@id\":\"https:\/\/lhsearch.com.mx\/#organization\"},\"potentialAction\":[{\"@type\":\"SearchAction\",\"target\":{\"@type\":\"EntryPoint\",\"urlTemplate\":\"https:\/\/lhsearch.com.mx\/?s={search_term_string}\"},\"query-input\":{\"@type\":\"PropertyValueSpecification\",\"valueRequired\":true,\"valueName\":\"search_term_string\"}}],\"inLanguage\":\"en-US\"},{\"@type\":\"Organization\",\"@id\":\"https:\/\/lhsearch.com.mx\/#organization\",\"name\":\"LH Search\",\"url\":\"https:\/\/lhsearch.com.mx\/\",\"logo\":{\"@type\":\"ImageObject\",\"inLanguage\":\"en-US\",\"@id\":\"https:\/\/lhsearch.com.mx\/#\/schema\/logo\/image\/\",\"url\":\"https:\/\/lhsearch.com.mx\/wp-content\/uploads\/2021\/11\/cropped-LH-search-recruiters-01.png\",\"contentUrl\":\"https:\/\/lhsearch.com.mx\/wp-content\/uploads\/2021\/11\/cropped-LH-search-recruiters-01.png\",\"width\":1296,\"height\":440,\"caption\":\"LH Search\"},\"image\":{\"@id\":\"https:\/\/lhsearch.com.mx\/#\/schema\/logo\/image\/\"}}]}<\/script>\n<!-- \/ Yoast SEO plugin. -->","yoast_head_json":{"title":"Inicio - LH Search","description":"El talento es la ventaja competitiva, la tecnolog\u00eda no es suficiente.","robots":{"index":"index","follow":"follow","max-snippet":"max-snippet:-1","max-image-preview":"max-image-preview:large","max-video-preview":"max-video-preview:-1"},"canonical":"https:\/\/lhsearch.com.mx\/en\/","og_locale":"en_US","og_type":"article","og_title":"Inicio - LH Search","og_description":"El talento es la ventaja competitiva, la tecnolog\u00eda no es suficiente.","og_url":"https:\/\/lhsearch.com.mx\/en\/","og_site_name":"LH Search","article_modified_time":"2023-05-10T18:02:40+00:00","twitter_card":"summary_large_image","twitter_misc":{"Est. reading time":"1 minute"},"schema":{"@context":"https:\/\/schema.org","@graph":[{"@type":["WebPage","AboutPage"],"@id":"https:\/\/lhsearch.com.mx\/","url":"https:\/\/lhsearch.com.mx\/","name":"Inicio - LH Search","isPartOf":{"@id":"https:\/\/lhsearch.com.mx\/#website"},"datePublished":"2016-05-10T03:48:21+00:00","dateModified":"2023-05-10T18:02:40+00:00","description":"El talento es la ventaja competitiva, la tecnolog\u00eda no es suficiente.","breadcrumb":{"@id":"https:\/\/lhsearch.com.mx\/#breadcrumb"},"inLanguage":"en-US","potentialAction":[{"@type":"ReadAction","target":["https:\/\/lhsearch.com.mx\/"]}]},{"@type":"BreadcrumbList","@id":"https:\/\/lhsearch.com.mx\/#breadcrumb","itemListElement":[{"@type":"ListItem","position":1,"name":"Inicio","item":"https:\/\/lhsearch.com.mx\/"},{"@type":"ListItem","position":2,"name":"Inicio"}]},{"@type":"WebSite","@id":"https:\/\/lhsearch.com.mx\/#website","url":"https:\/\/lhsearch.com.mx\/","name":"LH Search","description":"Soluciones en Recursos Humanos desde el 2008.","publisher":{"@id":"https:\/\/lhsearch.com.mx\/#organization"},"potentialAction":[{"@type":"SearchAction","target":{"@type":"EntryPoint","urlTemplate":"https:\/\/lhsearch.com.mx\/?s={search_term_string}"},"query-input":{"@type":"PropertyValueSpecification","valueRequired":true,"valueName":"search_term_string"}}],"inLanguage":"en-US"},{"@type":"Organization","@id":"https:\/\/lhsearch.com.mx\/#organization","name":"LH Search","url":"https:\/\/lhsearch.com.mx\/","logo":{"@type":"ImageObject","inLanguage":"en-US","@id":"https:\/\/lhsearch.com.mx\/#\/schema\/logo\/image\/","url":"https:\/\/lhsearch.com.mx\/wp-content\/uploads\/2021\/11\/cropped-LH-search-recruiters-01.png","contentUrl":"https:\/\/lhsearch.com.mx\/wp-content\/uploads\/2021\/11\/cropped-LH-search-recruiters-01.png","width":1296,"height":440,"caption":"LH Search"},"image":{"@id":"https:\/\/lhsearch.com.mx\/#\/schema\/logo\/image\/"}}]}},"_links":{"self":[{"href":"https:\/\/lhsearch.com.mx\/en\/wp-json\/wp\/v2\/pages\/2","targetHints":{"allow":["GET"]}}],"collection":[{"href":"https:\/\/lhsearch.com.mx\/en\/wp-json\/wp\/v2\/pages"}],"about":[{"href":"https:\/\/lhsearch.com.mx\/en\/wp-json\/wp\/v2\/types\/page"}],"author":[{"embeddable":true,"href":"https:\/\/lhsearch.com.mx\/en\/wp-json\/wp\/v2\/users\/1"}],"replies":[{"embeddable":true,"href":"https:\/\/lhsearch.com.mx\/en\/wp-json\/wp\/v2\/comments?post=2"}],"version-history":[{"count":170,"href":"https:\/\/lhsearch.com.mx\/en\/wp-json\/wp\/v2\/pages\/2\/revisions"}],"predecessor-version":[{"id":3306,"href":"https:\/\/lhsearch.com.mx\/en\/wp-json\/wp\/v2\/pages\/2\/revisions\/3306"}],"wp:attachment":[{"href":"https:\/\/lhsearch.com.mx\/en\/wp-json\/wp\/v2\/media?parent=2"}],"curies":[{"name":"wp","href":"https:\/\/api.w.org\/{rel}","templated":true}]}}